{"id":6,"date":"2025-02-27T21:59:57","date_gmt":"2021-03-09T09:03:37","guid":{"rendered":"http:\/\/ciclo42.com.br\/?page_id=6"},"modified":"2025-02-27T20:44:08","modified_gmt":"2025-02-27T23:44:08","slug":"about-us","status":"publish","type":"page","link":"http:\/\/ciclo42.com.br\/","title":{"rendered":"Ciclo42"},"content":{"rendered":"\n<p>A Ciclo42 \u00e9 uma ag\u00eancia de comunica\u00e7\u00e3o que, ao longo de seus mais de 15 anos, construiu uma experi\u00eancia voltada para o fortalecimento de marca e sua rela\u00e7\u00e3o com seus clientes. Nesse sentido, a Ciclo42 formou uma expertise focada na cria\u00e7\u00e3o e constru\u00e7\u00e3o de marcas, com destaque ao design e \u00e0 produ\u00e7\u00e3o de conte\u00fado.<\/p>\n\n\n\n<p>Nesse tempo, a Ciclo42, tanto na \u00e1rea de comunica\u00e7\u00e3o como e eventos, produziu trabalhos de refer\u00eancia e especializou no mercado de &#8216;rodas&#8217;. Atividades como as revistas Pamp, Pista de Testes, Tork e Planeta Off-Road, l\u00edder no segmento de ve\u00edculos off-road. Tamb\u00e9m desenvolveu projetos de identidade visual, cria\u00e7\u00e3o de websites e produ\u00e7\u00e3o de conte\u00fado como os realizados para a Troller. Na \u00e1rea de eventos, destaque para a realiza\u00e7\u00e3o da QuadriAventura e da Bike Kids Cup.<\/p>\n\n\n\n<blockquote class=\"wp-block-quote is-style-large is-layout-flow wp-block-quote-is-layout-flow\" id=\"output\">\n<p>Conhe\u00e7a um pouco do trabalho realizado pela Ciclo42 Comunica\u00e7\u00e3o e Eventos.<\/p>\n<\/blockquote>\n\n\n\n<div class=\"wp-block-columns has-gray-background-color has-background is-layout-flex wp-container-core-columns-is-layout-9d6595d7 wp-block-columns-is-layout-flex\">\n<div class=\"wp-block-column is-layout-flow wp-block-column-is-layout-flow\">\n<h4 class=\"wp-block-heading\">Planeta Off-Road<\/h4>\n\n\n\n<p>Refer\u00eancia no off-road nacional, atuante desde 1997.<\/p>\n\n\n\n<p><a href=\"https:\/\/planetaoffroad.com\/\">planetaoffroad.com<\/a><\/p>\n\n\n\n<figure class=\"wp-block-image size-full\"><a href=\"https:\/\/planetaoffroad.com\/\"><img loading=\"lazy\" decoding=\"async\" width=\"400\" height=\"400\" src=\"http:\/\/ciclo42.com.br\/wp-content\/uploads\/2025\/02\/perfil_facebook.jpg\" alt=\"\" class=\"wp-image-2510\" srcset=\"http:\/\/ciclo42.com.br\/wp-content\/uploads\/2025\/02\/perfil_facebook.jpg 400w, http:\/\/ciclo42.com.br\/wp-content\/uploads\/2025\/02\/perfil_facebook-300x300.jpg 300w, http:\/\/ciclo42.com.br\/wp-content\/uploads\/2025\/02\/perfil_facebook-150x150.jpg 150w, http:\/\/ciclo42.com.br\/wp-content\/uploads\/2025\/02\/perfil_facebook-100x100.jpg 100w\" sizes=\"auto, (max-width: 400px) 100vw, 400px\" \/><\/a><\/figure>\n<\/div>\n\n\n\n<div class=\"wp-block-column is-layout-flow wp-block-column-is-layout-flow\">\n<h4 class=\"wp-block-heading\">Bike Kids Brasil<\/h4>\n\n\n\n<p>Projeto inovador que fez nascer o mountain bike infantil.<\/p>\n\n\n\n<p><a href=\"http:\/\/bikekidsbrasil.com.br\/\">bikekidsbrasil.com.br<\/a><\/p>\n\n\n\n<figure class=\"wp-block-image size-large\"><a href=\"http:\/\/bikekidsbrasil.com.br\/\"><img loading=\"lazy\" decoding=\"async\" width=\"1024\" height=\"1024\" src=\"http:\/\/ciclo42.com.br\/wp-content\/uploads\/2025\/02\/face-1024x1024.jpg\" alt=\"\" class=\"wp-image-2511\" srcset=\"http:\/\/ciclo42.com.br\/wp-content\/uploads\/2025\/02\/face-1024x1024.jpg 1024w, http:\/\/ciclo42.com.br\/wp-content\/uploads\/2025\/02\/face-300x300.jpg 300w, http:\/\/ciclo42.com.br\/wp-content\/uploads\/2025\/02\/face-150x150.jpg 150w, http:\/\/ciclo42.com.br\/wp-content\/uploads\/2025\/02\/face-768x768.jpg 768w, http:\/\/ciclo42.com.br\/wp-content\/uploads\/2025\/02\/face-100x100.jpg 100w, http:\/\/ciclo42.com.br\/wp-content\/uploads\/2025\/02\/face.jpg 1454w\" sizes=\"auto, (max-width: 767px) 89vw, (max-width: 1000px) 54vw, (max-width: 1071px) 543px, 580px\" \/><\/a><\/figure>\n<\/div>\n\n\n\n<div class=\"wp-block-column is-layout-flow wp-block-column-is-layout-flow\">\n<h4 class=\"wp-block-heading\">GoBici<\/h4>\n\n\n\n<p>Mais novo projeto da Ciclo42, traz conte\u00fado voltado ao ciclista.<\/p>\n\n\n\n<p><a href=\"https:\/\/gobici.com.br\/\">gobici.com.br<\/a><\/p>\n\n\n\n<figure class=\"wp-block-image size-full\"><a href=\"https:\/\/gobici.com.br\/\"><img loading=\"lazy\" decoding=\"async\" width=\"750\" height=\"750\" src=\"http:\/\/ciclo42.com.br\/wp-content\/uploads\/2025\/02\/Logo-Go-Bici-branco.jpg\" alt=\"\" class=\"wp-image-2513\" srcset=\"http:\/\/ciclo42.com.br\/wp-content\/uploads\/2025\/02\/Logo-Go-Bici-branco.jpg 750w, http:\/\/ciclo42.com.br\/wp-content\/uploads\/2025\/02\/Logo-Go-Bici-branco-300x300.jpg 300w, http:\/\/ciclo42.com.br\/wp-content\/uploads\/2025\/02\/Logo-Go-Bici-branco-150x150.jpg 150w, http:\/\/ciclo42.com.br\/wp-content\/uploads\/2025\/02\/Logo-Go-Bici-branco-100x100.jpg 100w\" sizes=\"auto, (max-width: 706px) 89vw, (max-width: 767px) 82vw, 740px\" \/><\/a><\/figure>\n<\/div>\n<\/div>\n","protected":false},"excerpt":{"rendered":"<p>A Ciclo42 \u00e9 uma ag\u00eancia de comunica\u00e7\u00e3o que, ao longo de seus mais de 15 anos, construiu uma experi\u00eancia voltada para o fortalecimento de marca e sua rela\u00e7\u00e3o com seus clientes. Nesse sentido, a Ciclo42 formou uma expertise focada na cria\u00e7\u00e3o e constru\u00e7\u00e3o de marcas, com destaque ao design e \u00e0 produ\u00e7\u00e3o de conte\u00fado. Nesse &hellip; <\/p>\n<p class=\"link-more\"><a href=\"http:\/\/ciclo42.com.br\/\" class=\"more-link\">Continue reading<span class=\"screen-reader-text\"> &#8220;Ciclo42&#8221;<\/span><\/a><\/p>\n","protected":false},"author":1,"featured_media":0,"parent":0,"menu_order":0,"comment_status":"closed","ping_status":"closed","template":"","meta":{"footnotes":""},"class_list":["post-6","page","type-page","status-publish","hentry"],"_links":{"self":[{"href":"http:\/\/ciclo42.com.br\/index.php?rest_route=\/wp\/v2\/pages\/6","targetHints":{"allow":["GET"]}}],"collection":[{"href":"http:\/\/ciclo42.com.br\/index.php?rest_route=\/wp\/v2\/pages"}],"about":[{"href":"http:\/\/ciclo42.com.br\/index.php?rest_route=\/wp\/v2\/types\/page"}],"author":[{"embeddable":true,"href":"http:\/\/ciclo42.com.br\/index.php?rest_route=\/wp\/v2\/users\/1"}],"replies":[{"embeddable":true,"href":"http:\/\/ciclo42.com.br\/index.php?rest_route=%2Fwp%2Fv2%2Fcomments&post=6"}],"version-history":[{"count":3,"href":"http:\/\/ciclo42.com.br\/index.php?rest_route=\/wp\/v2\/pages\/6\/revisions"}],"predecessor-version":[{"id":2514,"href":"http:\/\/ciclo42.com.br\/index.php?rest_route=\/wp\/v2\/pages\/6\/revisions\/2514"}],"wp:attachment":[{"href":"http:\/\/ciclo42.com.br\/index.php?rest_route=%2Fwp%2Fv2%2Fmedia&parent=6"}],"curies":[{"name":"wp","href":"https:\/\/api.w.org\/{rel}","templated":true}]}}